{"id":104,"date":"2025-02-07T09:20:14","date_gmt":"2025-02-07T09:20:14","guid":{"rendered":"https:\/\/abckamin.ee\/?page_id=104"},"modified":"2025-05-21T08:44:09","modified_gmt":"2025-05-21T08:44:09","slug":"korstnapuhkimistood","status":"publish","type":"page","link":"https:\/\/abckamin.ee\/?page_id=104","title":{"rendered":"Korstnap\u00fchkimist\u00f6\u00f6d"},"content":{"rendered":"\n\n\n\n\n\n\n\n\n\n\n\n\n\n\n\n\n\n\n\n\n\n\n\n\n\n\n\n\n\n\n\n\n\n\n\n\n\n\n\n\n\n\n\n\n\n\n\n\n\n\n\n\n\n\r\n\r\n\r\n\r\n\r\n\r\n\r\n\r\n\r\n\r\n\r\n\r\n\r\n\r\n\r\n\r\n\r\n\r\n\r\n\r\n\r\n\r\n\r\n\r\n\r\n\r\n\r\n\r\n\r\n\r\n\r\n\r\n\r\n\r\n\r\n\r\n\r\n\r\n\r\n\r\n","protected":false},"excerpt":{"rendered":"","protected":false},"author":1,"featured_media":0,"parent":0,"menu_order":0,"comment_status":"closed","ping_status":"closed","template":"","meta":{"footnotes":""},"class_list":["post-104","page","type-page","status-publish","hentry"],"_links":{"self":[{"href":"https:\/\/abckamin.ee\/index.php?rest_route=\/wp\/v2\/pages\/104","targetHints":{"allow":["GET"]}}],"collection":[{"href":"https:\/\/abckamin.ee\/index.php?rest_route=\/wp\/v2\/pages"}],"about":[{"href":"https:\/\/abckamin.ee\/index.php?rest_route=\/wp\/v2\/types\/page"}],"author":[{"embeddable":true,"href":"https:\/\/abckamin.ee\/index.php?rest_route=\/wp\/v2\/users\/1"}],"replies":[{"embeddable":true,"href":"https:\/\/abckamin.ee\/index.php?rest_route=%2Fwp%2Fv2%2Fcomments&post=104"}],"version-history":[{"count":8,"href":"https:\/\/abckamin.ee\/index.php?rest_route=\/wp\/v2\/pages\/104\/revisions"}],"predecessor-version":[{"id":518,"href":"https:\/\/abckamin.ee\/index.php?rest_route=\/wp\/v2\/pages\/104\/revisions\/518"}],"wp:attachment":[{"href":"https:\/\/abckamin.ee\/index.php?rest_route=%2Fwp%2Fv2%2Fmedia&parent=104"}],"curies":[{"name":"wp","href":"https:\/\/api.w.org\/{rel}","templated":true}]}}