{"id":115,"date":"2025-02-07T09:24:59","date_gmt":"2025-02-07T09:24:59","guid":{"rendered":"https:\/\/abckamin.ee\/?page_id=115"},"modified":"2025-05-21T08:43:55","modified_gmt":"2025-05-21T08:43:55","slug":"kuttepuu-muuk","status":"publish","type":"page","link":"https:\/\/abckamin.ee\/?page_id=115","title":{"rendered":"K\u00fcttepuu m\u00fc\u00fck"},"content":{"rendered":"\n\n\n\n\n\n\n\n\n\n\n\n\n\n\n\n\n\n\n\n\n\n\n\n\n\n\n\n\n\n\n\n\n\n\n\n\n\n\n\n\n\n\n\n\n\n\n\n\n\n\n\n\n\n\n\n\n\n\n\n\r\n\r\n\r\n\r\n\r\n\r\n\r\n\r\n\r\n\r\n\r\n\r\n\r\n\r\n\r\n\r\n\r\n\r\n\r\n\r\n\r\n\r\n\r\n\r\n\r\n\r\n\r\n\r\n\r\n\r\n\r\n\r\n\r\n\r\n\r\n\r\n\r\n\r\n\r\n\r\n","protected":false},"excerpt":{"rendered":"","protected":false},"author":1,"featured_media":0,"parent":0,"menu_order":0,"comment_status":"closed","ping_status":"closed","template":"","meta":{"footnotes":""},"class_list":["post-115","page","type-page","status-publish","hentry"],"_links":{"self":[{"href":"https:\/\/abckamin.ee\/index.php?rest_route=\/wp\/v2\/pages\/115","targetHints":{"allow":["GET"]}}],"collection":[{"href":"https:\/\/abckamin.ee\/index.php?rest_route=\/wp\/v2\/pages"}],"about":[{"href":"https:\/\/abckamin.ee\/index.php?rest_route=\/wp\/v2\/types\/page"}],"author":[{"embeddable":true,"href":"https:\/\/abckamin.ee\/index.php?rest_route=\/wp\/v2\/users\/1"}],"replies":[{"embeddable":true,"href":"https:\/\/abckamin.ee\/index.php?rest_route=%2Fwp%2Fv2%2Fcomments&post=115"}],"version-history":[{"count":7,"href":"https:\/\/abckamin.ee\/index.php?rest_route=\/wp\/v2\/pages\/115\/revisions"}],"predecessor-version":[{"id":517,"href":"https:\/\/abckamin.ee\/index.php?rest_route=\/wp\/v2\/pages\/115\/revisions\/517"}],"wp:attachment":[{"href":"https:\/\/abckamin.ee\/index.php?rest_route=%2Fwp%2Fv2%2Fmedia&parent=115"}],"curies":[{"name":"wp","href":"https:\/\/api.w.org\/{rel}","templated":true}]}}